{"id":1993,"date":"2025-08-25T11:37:52","date_gmt":"2025-08-25T15:37:52","guid":{"rendered":"https:\/\/learndoe.org\/pep\/?page_id=1993"},"modified":"2026-04-09T13:50:52","modified_gmt":"2026-04-09T17:50:52","slug":"jun17","status":"publish","type":"page","link":"https:\/\/learndoe.org\/pep\/jun17\/","title":{"rendered":"Live Event: NYC Public Schools <!--June 17, 2026-->"},"content":{"rendered":"<div class=\"su-row\"><div class=\"su-column su-column-size-1-5\"><div class=\"su-column-inner su-u-clearfix su-u-trim\">\n<h4>Panel for Education Policy Meeting &#8211; June 17, 2026<\/h4>\n<p>Welcome to the NYCDOE\u2019s webpage for Panel for Education Policy. Please select your desired language to continue:<br \/>\n<span style=\"color: red;\"><strong>Access will open at 5:30pm on June 17, 2026.<\/strong><\/span><\/div><\/div>\n<div class=\"su-column su-column-size-1-5\"><div class=\"su-column-inner su-u-clearfix su-u-trim\">\n<h4>Reuni\u00f3n del Panel para la Pol\u00edtica Educativa (Panel for Educational Policy, PEP) del 17 de junio de 2026<\/h4>\n<p>Bienvenidos a la p\u00e1gina del NYCDOE para el Panel para la Pol\u00edtica Educativa. Seleccione su idioma de preferencia para continuar:<br \/>\n<span style=\"color: red;\"><strong>El acceso se abrir\u00e1 a las 5:30 p.m. el 17 de junio de 2026.<\/strong><\/span><\/div><\/div>\n<div class=\"su-column su-column-size-1-5\"><div class=\"su-column-inner su-u-clearfix su-u-trim\">\n<h4>\u09b6\u09bf\u0995\u09cd\u09b7\u09be \u09a8\u09c0\u09a4\u09bf \u09ac\u09bf\u09b7\u09af\u09bc\u0995 \u09aa\u09cd\u09af\u09be\u09a8\u09c7\u09b2 \u09b8\u09ad\u09be &#8211; \u09e7\u09ed \u099c\u09c1\u09a8, \u09e8\u09e6\u09e8\u09ec<\/h4>\n<p>\u09b6\u09bf\u0995\u09cd\u09b7\u09be \u09a8\u09c0\u09a4\u09bf \u09aa\u09cd\u09af\u09be\u09a8\u09c7\u09b2\u09c7\u09b0 \u099c\u09a8\u09cd\u09af NYCDOE-\u098f\u09b0 \u0993\u09af\u09bc\u09c7\u09ac\u09aa\u09c7\u099c\u09c7 \u0986\u09aa\u09a8\u09be\u0995\u09c7 \u09b8\u09cd\u09ac\u09be\u0997\u09a4\u09ae\u0964 \u098f\u0997\u09bf\u09af\u09bc\u09c7 \u09af\u09be\u0993\u09af\u09bc\u09be\u09b0 \u099c\u09a8\u09cd\u09af \u0985\u09a8\u09c1\u0997\u09cd\u09b0\u09b9 \u0995\u09b0\u09c7 \u0986\u09aa\u09a8\u09be\u09b0 \u09aa\u099b\u09a8\u09cd\u09a6\u09c7\u09b0 \u09ad\u09be\u09b7\u09be \u09a8\u09bf\u09b0\u09cd\u09ac\u09be\u099a\u09a8 \u0995\u09b0\u09c1\u09a8:<br \/>\n<span style=\"color: red;\"><strong>\u09e7\u09ed\u0987 \u099c\u09c1\u09a8, \u09e8\u09e6\u09e8\u09ec \u09a4\u09be\u09b0\u09bf\u0996\u09c7 \u09ac\u09bf\u0995\u09be\u09b2 \u09eb:\u09e9\u09e6 \u09ae\u09bf\u09a8\u09bf\u099f\u09c7 \u09aa\u09cd\u09b0\u09ac\u09c7\u09b6\u09be\u09a7\u09bf\u0995\u09be\u09b0 \u0989\u09a8\u09cd\u09ae\u09c1\u0995\u09cd\u09a4 \u09b9\u09ac\u09c7\u0964<\/strong><\/span><\/div><\/div>\n<div class=\"su-column su-column-size-1-5\"><div class=\"su-column-inner su-u-clearfix su-u-trim\">\n<h4>Reyinyon Panel pou Politik Edikasyon &#8211; 17 jen 2026<\/h4>\n<p>Byenveni sou paj w\u00e8b Lek\u00f2l Piblik Vil Nouy\u00f2k la pou R\u00e8gleman Panel pou Edikasyon an. Tanpri chwazi lang ou vle a pou kontinye:<br \/>\n<span style=\"color: red;\"><strong>Aks\u00e8 a ap louvri a 5:30 p.m. nan dat 17 jen 2026.<\/strong><\/span><\/div><\/div>\n<div class=\"su-column su-column-size-1-5\"><div class=\"su-column-inner su-u-clearfix su-u-trim\">\n<h4>R\u00e9union du comit\u00e9 sur les politiques \u00e9ducatives &#8211; 17 juin 2026<\/h4>\n<p>Bienvenue sur la page web du NYCDOE consacr\u00e9e au Panel for Education Policy. Veuillez s\u00e9lectionner la langue souhait\u00e9e pour continuer\u00a0:<br \/>\n<span style=\"color: red;\"><strong>L&#8217;acc\u00e8s sera ouvert \u00e0 17h30 le 17 juin 2026.<\/strong><\/span><\/div><\/div>\n<\/div>\n\n","protected":false},"excerpt":{"rendered":"","protected":false},"author":1,"featured_media":0,"parent":0,"menu_order":0,"comment_status":"closed","ping_status":"closed","template":"","meta":{"footnotes":""},"class_list":["post-1993","page","type-page","status-publish","hentry"],"publishpress_future_action":{"enabled":false,"date":"2026-05-02 20:00:31","action":"change-status","newStatus":"draft","terms":[],"taxonomy":"","extraData":[]},"publishpress_future_workflow_manual_trigger":{"enabledWorkflows":[]},"_links":{"self":[{"href":"https:\/\/learndoe.org\/pep\/wp-json\/wp\/v2\/pages\/1993","targetHints":{"allow":["GET"]}}],"collection":[{"href":"https:\/\/learndoe.org\/pep\/wp-json\/wp\/v2\/pages"}],"about":[{"href":"https:\/\/learndoe.org\/pep\/wp-json\/wp\/v2\/types\/page"}],"author":[{"embeddable":true,"href":"https:\/\/learndoe.org\/pep\/wp-json\/wp\/v2\/users\/1"}],"replies":[{"embeddable":true,"href":"https:\/\/learndoe.org\/pep\/wp-json\/wp\/v2\/comments?post=1993"}],"version-history":[{"count":0,"href":"https:\/\/learndoe.org\/pep\/wp-json\/wp\/v2\/pages\/1993\/revisions"}],"wp:attachment":[{"href":"https:\/\/learndoe.org\/pep\/wp-json\/wp\/v2\/media?parent=1993"}],"curies":[{"name":"wp","href":"https:\/\/api.w.org\/{rel}","templated":true}]}}