{"id":1988,"date":"2025-08-25T11:29:43","date_gmt":"2025-08-25T15:29:43","guid":{"rendered":"https:\/\/learndoe.org\/pep\/?page_id=1988"},"modified":"2026-03-25T17:19:29","modified_gmt":"2026-03-25T21:19:29","slug":"mar25","status":"publish","type":"page","link":"https:\/\/learndoe.org\/pep\/mar25\/","title":{"rendered":"Live Event: NYC Public Schools <!--March 25, 2026-->"},"content":{"rendered":"<div class=\"su-row\"><div class=\"su-column su-column-size-1-4\"><div class=\"su-column-inner su-u-clearfix su-u-trim\">\n<h4>Panel for Education Policy Meeting &#8211; March 25, 2026<\/h4>\n<p>Welcome to the NYC Public Schools&#8217; webpage for Panel for Education Policy. Please select your desired language to continue:<br \/>\n<\/div><\/div>\n<div class=\"su-column su-column-size-1-4\"><div class=\"su-column-inner su-u-clearfix su-u-trim\">\n<h4>Reuni\u00f3n del Panel para la Pol\u00edtica Educativa (Panel for Educational Policy, PEP) del 25 de marzo de 2026<\/h4>\n<p>Bienvenido\/a a la p\u00e1gina web del Panel de Pol\u00edticas Educativas de las Escuelas P\u00fablicas de la Ciudad de Nueva York. Seleccione su idioma preferido para continuar:<br \/>\n<\/div><\/div>\n<div class=\"su-column su-column-size-1-4\"><div class=\"su-column-inner su-u-clearfix su-u-trim\">\n<h4>Reyinyon Panel pou Politik Edikasyon &#8211; 25 Mas 2026<\/h4>\n<p>Byenveni sou paj w\u00e8b Lek\u00f2l Piblik Vil Nouy\u00f2k la pou R\u00e8gleman Panel pou Edikasyon an. Tanpri chwazi lang ou vle a pou kontinye:<br \/>\n<\/div><\/div>\n<div class=\"su-column su-column-size-1-4\"><div class=\"su-column-inner su-u-clearfix su-u-trim\">\n<div dir=\"rtl\" lang=\"ar\">\n<h4>\u0627\u062c\u062a\u0645\u0627\u0639 \u0644\u062c\u0646\u0629 \u0633\u064a\u0627\u0633\u0627\u062a \u0627\u0644\u062a\u0639\u0644\u064a\u0645 &#8211; 25 \u0645\u0627\u0631\u0633 2026<\/h4>\n<\/div>\n<div dir=\"rtl\" lang=\"ar\">\u0623\u0647\u0644\u0627\u064b \u0628\u0643\u0645 \u0641\u064a \u0635\u0641\u062d\u0629 \u0644\u062c\u0646\u0629 \u0633\u064a\u0627\u0633\u0627\u062a \u0627\u0644\u062a\u0639\u0644\u064a\u0645 \u0627\u0644\u062a\u0627\u0628\u0639\u0629 \u0644\u0634\u0631\u0637\u0629 \u0645\u062f\u064a\u0646\u0629 \u0646\u064a\u0648\u064a\u0648\u0631\u0643. \u064a\u0631\u062c\u0649 \u0627\u062e\u062a\u064a\u0627\u0631 \u0627\u0644\u0644\u063a\u0629 \u0627\u0644\u062a\u064a \u062a\u0631\u063a\u0628\u0648\u0646 \u0628\u0647\u0627 \u0644\u0644\u0645\u062a\u0627\u0628\u0639\u0629:<\/div>\n<\/div><\/div>\n<\/div>\n<div class=\"su-row\"><div class=\"su-column su-column-size-1-4\"><div class=\"su-column-inner su-u-clearfix su-u-trim\"><div class=\"su-button-center\"><a href=\"https:\/\/learndoe.org\/pep\/zoom-en\/\" class=\"su-button su-button-style-default\" style=\"color:#FFFFFF;background-color:#2D89EF;border-color:#246ec0;border-radius:10px\" target=\"_self\"><span style=\"color:#FFFFFF;padding:0px 26px;font-size:20px;line-height:40px;border-color:#6cadf4;border-radius:10px;text-shadow:none\"> English<\/span><\/a><\/div><\/div><\/div><div class=\"su-column su-column-size-1-4\"><div class=\"su-column-inner su-u-clearfix su-u-trim\"><div class=\"su-button-center\"><a href=\"https:\/\/learndoe.org\/pep\/zoom-es\/\" class=\"su-button su-button-style-default\" style=\"color:#FFFFFF;background-color:#2D89EF;border-color:#246ec0;border-radius:10px\" target=\"_self\"><span style=\"color:#FFFFFF;padding:0px 26px;font-size:20px;line-height:40px;border-color:#6cadf4;border-radius:10px;text-shadow:none\"> Espa\u00f1ol<\/span><\/a><\/div><\/div><\/div><div class=\"su-column su-column-size-1-4\"><div class=\"su-column-inner su-u-clearfix su-u-trim\"><div class=\"su-button-center\"><a href=\"https:\/\/learndoe.org\/pep\/zoom-cr\/\" class=\"su-button su-button-style-default\" style=\"color:#FFFFFF;background-color:#2D89EF;border-color:#246ec0;border-radius:10px\" target=\"_self\"><span style=\"color:#FFFFFF;padding:0px 26px;font-size:20px;line-height:40px;border-color:#6cadf4;border-radius:10px;text-shadow:none\"> Enskripsyon<\/span><\/a><\/div><\/div><\/div><div class=\"su-column su-column-size-1-4\"><div class=\"su-column-inner su-u-clearfix su-u-trim\"><div class=\"su-button-center\"><a href=\"https:\/\/learndoe.org\/pep\/zoom-ar\/\" class=\"su-button su-button-style-default\" style=\"color:#FFFFFF;background-color:#2D89EF;border-color:#246ec0;border-radius:10px\" target=\"_self\"><span style=\"color:#FFFFFF;padding:0px 26px;font-size:20px;line-height:40px;border-color:#6cadf4;border-radius:10px;text-shadow:none\"> \u062a\u0633\u062c\u064a\u0644<\/span><\/a><\/div><\/div><\/div><\/div>\n","protected":false},"excerpt":{"rendered":"","protected":false},"author":1,"featured_media":0,"parent":0,"menu_order":0,"comment_status":"closed","ping_status":"closed","template":"","meta":{"footnotes":""},"class_list":["post-1988","page","type-page","status-publish","hentry"],"publishpress_future_action":{"enabled":false,"date":"2026-05-02 20:09:21","action":"change-status","newStatus":"draft","terms":[],"taxonomy":"","extraData":[]},"publishpress_future_workflow_manual_trigger":{"enabledWorkflows":[]},"_links":{"self":[{"href":"https:\/\/learndoe.org\/pep\/wp-json\/wp\/v2\/pages\/1988","targetHints":{"allow":["GET"]}}],"collection":[{"href":"https:\/\/learndoe.org\/pep\/wp-json\/wp\/v2\/pages"}],"about":[{"href":"https:\/\/learndoe.org\/pep\/wp-json\/wp\/v2\/types\/page"}],"author":[{"embeddable":true,"href":"https:\/\/learndoe.org\/pep\/wp-json\/wp\/v2\/users\/1"}],"replies":[{"embeddable":true,"href":"https:\/\/learndoe.org\/pep\/wp-json\/wp\/v2\/comments?post=1988"}],"version-history":[{"count":0,"href":"https:\/\/learndoe.org\/pep\/wp-json\/wp\/v2\/pages\/1988\/revisions"}],"wp:attachment":[{"href":"https:\/\/learndoe.org\/pep\/wp-json\/wp\/v2\/media?parent=1988"}],"curies":[{"name":"wp","href":"https:\/\/api.w.org\/{rel}","templated":true}]}}