{"id":1968,"date":"2025-06-30T09:19:14","date_gmt":"2025-06-30T13:19:14","guid":{"rendered":"https:\/\/learndoe.org\/pep\/?page_id=1968"},"modified":"2025-10-07T10:20:54","modified_gmt":"2025-10-07T14:20:54","slug":"zoom-cr","status":"publish","type":"page","link":"https:\/\/learndoe.org\/pep\/zoom-cr\/","title":{"rendered":"Antre nan sesyon PEP an dir\u00e8k la"},"content":{"rendered":"<p>&nbsp;<\/p>\n<p style=\"text-align: center;\"><a class=\"button\" href=\"https:\/\/www.zoomgov.com\/j\/1601543267?pwd=N0g3c0djNU15RzlKT0laQzk5VWpoZz09\" target=\"_new\" rel=\"noopener noreferrer\">Antre nan sesyon an<\/a><br \/>\nSi yo mande w, antre k\u00f2d sekr\u00e8 sa a: 271780<\/p>\n<p style=\"text-align: center;\"><em>(Ap louvri nan yon l\u00f2t onglet\/fen\u00e8t navigat\u00e8.)<\/em><\/p>\n<p>Si reyinyon an pa lanse apati bouton ki anwo a, swiv <a href=\"https:\/\/www.zoomgov.com\/j\/1601543267?pwd=N0g3c0djNU15RzlKT0laQzk5VWpoZz09\" target=\"_blank\" rel=\"noopener noreferrer\">https:\/\/www.zoomgov.com\/j\/1601543267?pwd=N0g3c0djNU15RzlKT0laQzk5VWpoZz09<\/a><br \/>\n<div class=\"su-box su-box-style-default\" id=\"\" style=\"border-color:#0f5897;border-radius:3px;max-width:none\"><div class=\"su-box-title\" style=\"background-color:#428BCA;color:#FFFFFF;border-top-left-radius:1px;border-top-right-radius:1px\">Detay pou konekte (Si ou vle)<\/div><div class=\"su-box-content su-u-clearfix su-u-trim\" style=\"border-bottom-left-radius:1px;border-bottom-right-radius:1px\">\n<blockquote><p>Nouy\u00f2k (lokal): +1 646 828 7666<br \/>\nPIN: 161 109 1947 #<\/p><\/blockquote>\n<\/div><\/div>\n","protected":false},"excerpt":{"rendered":"<p>&nbsp; Antre nan sesyon an Si yo mande w, antre k\u00f2d sekr\u00e8 sa a: 271780 (Ap louvri nan yon l\u00f2t onglet\/fen\u00e8t navigat\u00e8.) Si reyinyon an pa lanse apati bouton ki anwo a, swiv https:\/\/www.zoomgov.com\/j\/1601543267?pwd=N0g3c0djNU15RzlKT0laQzk5VWpoZz09<\/p>\n","protected":false},"author":1,"featured_media":0,"parent":0,"menu_order":0,"comment_status":"closed","ping_status":"closed","template":"","meta":{"footnotes":""},"class_list":["post-1968","page","type-page","status-publish","hentry"],"publishpress_future_action":{"enabled":false,"date":"2026-04-16 07:32:11","action":"change-status","newStatus":"draft","terms":[],"taxonomy":"","extraData":[]},"publishpress_future_workflow_manual_trigger":{"enabledWorkflows":[]},"_links":{"self":[{"href":"https:\/\/learndoe.org\/pep\/wp-json\/wp\/v2\/pages\/1968","targetHints":{"allow":["GET"]}}],"collection":[{"href":"https:\/\/learndoe.org\/pep\/wp-json\/wp\/v2\/pages"}],"about":[{"href":"https:\/\/learndoe.org\/pep\/wp-json\/wp\/v2\/types\/page"}],"author":[{"embeddable":true,"href":"https:\/\/learndoe.org\/pep\/wp-json\/wp\/v2\/users\/1"}],"replies":[{"embeddable":true,"href":"https:\/\/learndoe.org\/pep\/wp-json\/wp\/v2\/comments?post=1968"}],"version-history":[{"count":0,"href":"https:\/\/learndoe.org\/pep\/wp-json\/wp\/v2\/pages\/1968\/revisions"}],"wp:attachment":[{"href":"https:\/\/learndoe.org\/pep\/wp-json\/wp\/v2\/media?parent=1968"}],"curies":[{"name":"wp","href":"https:\/\/api.w.org\/{rel}","templated":true}]}}