{"id":820,"date":"2026-03-11T11:03:23","date_gmt":"2026-03-11T15:03:23","guid":{"rendered":"https:\/\/learndoe.org\/districtplanning\/?page_id=820"},"modified":"2026-03-16T17:19:41","modified_gmt":"2026-03-16T21:19:41","slug":"k333-k025","status":"publish","type":"page","link":"https:\/\/learndoe.org\/districtplanning\/k333-k025\/","title":{"rendered":"<!--K333\/K025-->"},"content":{"rendered":"<div class=\"su-row\"><div class=\"su-column su-column-size-1-3\"><div class=\"su-column-inner su-u-clearfix su-u-trim\"><strong>Welcome to the NYCDOE\u2019s webpage for Joint Public Hearings for significant changes in school utilization proposals under consideration at upcoming Panel for Educational Policy meetings.<\/strong><\/div><\/div><div class=\"su-column su-column-size-1-3\"><div class=\"su-column-inner su-u-clearfix su-u-trim\"><strong>Bienvenido a la p\u00e1gina web del NYCDOE para audiencias p\u00fablicas conjuntas sobre cambios significativos en las propuestas de utilizaci\u00f3n de escuelas que se est\u00e1n considerando en las pr\u00f3ximas reuniones del Panel de Pol\u00edtica Educativa.<\/strong><\/div><\/div><div class=\"su-column su-column-size-1-3\"><div class=\"su-column-inner su-u-clearfix su-u-trim\"><strong>\u6b22\u8fce\u6765\u5230\u7ebd\u7ea6\u5e02\u6559\u80b2\u5c40\u8054\u5408\u516c\u542c\u4f1a\u7f51\u9875\uff0c\u8ba8\u8bba\u5373\u5c06\u53ec\u5f00\u7684\u6559\u80b2\u653f\u7b56\u5c0f\u7ec4\u4f1a\u8bae\u4e0a\u6b63\u5728\u8003\u8651\u7684\u5b66\u6821\u5229\u7528\u63d0\u6848\u7684\u91cd\u5927\u53d8\u5316\u3002<\/strong><\/div><\/div><\/div>\n<hr \/>\n<div class=\"su-row\"><div class=\"su-column su-column-size-1-3\"><div class=\"su-column-inner su-u-clearfix su-u-trim\"><div class=\"su-box su-box-style-default\" id=\"\" style=\"border-color:#9c9e9f;border-radius:3px;max-width:none\"><div class=\"su-box-title\" style=\"background-color:#cfd1d2;color:#000000;border-top-left-radius:1px;border-top-right-radius:1px\">Joint Public Hearings for Monday, March 16, 2026 | 6:00 PM<\/div><div class=\"su-box-content su-u-clearfix su-u-trim\" style=\"border-bottom-left-radius:1px;border-bottom-right-radius:1px\">The Proposed Re-siting of Grade 3 of P.S. 516 Sunset Park Avenues Elementary School (15K516) from Building K557 to Building <span style=\"color: #ff0000;\"><strong>K333<\/strong><\/span> and the Opening and Co-location of P372K@K333, a New Site of District 75 School P.S. K372 (75K372), with P.S. 516 Sunset Park Avenues Elementary School in Building <span style=\"color: #ff0000;\"><strong>K333<\/strong><\/span> in the 2026-2027 School Year<\/div><\/div><\/div><\/div><div class=\"su-column su-column-size-1-3\"><div class=\"su-column-inner su-u-clearfix su-u-trim\"><div class=\"su-box su-box-style-default\" id=\"\" style=\"border-color:#9c9e9f;border-radius:3px;max-width:none\"><div class=\"su-box-title\" style=\"background-color:#cfd1d2;color:#000000;border-top-left-radius:1px;border-top-right-radius:1px\">Audiencias P\u00fablicas Conjuntas del lunes 16 de marzo de 2026 | 6:00 PM<\/div><div class=\"su-box-content su-u-clearfix su-u-trim\" style=\"border-bottom-left-radius:1px;border-bottom-right-radius:1px\">Propuesta de traslado de los estudiantes de 3.er grado de P.S. 516 Sunset Park Avenues Elementary School (15K516) del edificio K557 al edificio <span style=\"color: #ff0000;\"><strong>K333<\/strong><\/span>; y para abrir y ubicar de manera conjunta a P372K@K333, una nueva sede de la escuela del Distrito 75, P.S. K372 (75K372), con P.S. 516 Sunset Park Avenues Elementary School (15K516) en el edificio <span style=\"color: #ff0000;\"><strong>K333<\/strong><\/span> a partir del a\u00f1o escolar 2026-2027<\/div><\/div><\/div><\/div><div class=\"su-column su-column-size-1-3\"><div class=\"su-column-inner su-u-clearfix su-u-trim\"><div class=\"su-box su-box-style-default\" id=\"\" style=\"border-color:#9c9e9f;border-radius:3px;max-width:none\"><div class=\"su-box-title\" style=\"background-color:#cfd1d2;color:#000000;border-top-left-radius:1px;border-top-right-radius:1px\">2026\u5e743\u670816\u65e5\u661f\u671f\u4e00 \u4e0b\u53486:00 \u8054\u5408\u516c\u5f00\u542c\u8bc1\u4f1a<\/div><div class=\"su-box-content su-u-clearfix su-u-trim\" style=\"border-bottom-left-radius:1px;border-bottom-right-radius:1px\">\u62df\u5c06\u65e5\u843d\u516c\u56ed\u5927\u9053\u5c0f\u5b66\uff08P.S. 516 Sunset Park Avenues Elementary School\uff0c\u7b80\u79f015K516\uff09\u4e09\u5e74\u7ea7\u4eceK557\u53f7\u697c\u8fc1\u81f3K333\u53f7\u697c\uff0c\u5e76\u4e8e2026-2027\u5b66\u5e74\u5728<span style=\"color: #ff0000;\"><strong>K333<\/strong><\/span>\u53f7\u697c\u5f00\u8bbe\u5e76\u542f\u7528\u7b2c75\u5b66\u533aK372\u5c0f\u5b66\uff08P.S. K372\uff0c\u7b80\u79f075K372\uff09\u7684\u65b0\u6821\u5740\uff0c\u4e0e\u65e5\u843d\u516c\u56ed\u5927\u9053\u5c0f\u5b66\uff08P.S. 516 Sunset Park Avenues Elementary School\uff0c\u7b80\u79f015K516\uff09\u5171\u7528\u6821\u5740\u3002<\/div><\/div><\/div><\/div><\/div>\n<div class=\"su-row\"><div class=\"su-column su-column-size-1-1\"><div class=\"su-column-inner su-u-clearfix su-u-trim\"><div class=\"su-button-center\"><a href=\"https:\/\/www.zoomgov.com\/webinar\/register\/WN_yRASoBPaSDSY_YVFMw5FLg\" class=\"su-button su-button-style-default\" style=\"color:#FFFFFF;background-color:#2D89EF;border-color:#246ec0;border-radius:8px\" target=\"_self\"><span style=\"color:#FFFFFF;padding:0px 22px;font-size:17px;line-height:34px;border-color:#6cadf4;border-radius:8px;text-shadow:none\"> Registration | Inscripci\u00f3n | \u767b\u8bb0<\/span><\/a><\/div><\/div><\/div><\/div>\n\n<div class=\"woo-sc-hr\"><\/div>\n<div class=\"su-row\"><div class=\"su-column su-column-size-1-2\"><div class=\"su-column-inner su-u-clearfix su-u-trim\"><div class=\"su-box su-box-style-default\" id=\"\" style=\"border-color:#9c9e9f;border-radius:3px;max-width:none\"><div class=\"su-box-title\" style=\"background-color:#cfd1d2;color:#000000;border-top-left-radius:1px;border-top-right-radius:1px\">Joint Public Hearings for Monday, March 16, 2026 | 6:00 PM<\/div><div class=\"su-box-content su-u-clearfix su-u-trim\" style=\"border-bottom-left-radius:1px;border-bottom-right-radius:1px\">The Proposed Re-siting of Brooklyn Brownstone School (16K628) from Building K035 to Building K025 and Co-location with Success Academy Charter School \u2013 Bed Stuy 3 (84K883) in Building <span style=\"color: #ff0000;\"><strong>K025<\/strong><\/span> in the 2026-2027 School Year<\/div><\/div><\/div><\/div><div class=\"su-column su-column-size-1-2\"><div class=\"su-column-inner su-u-clearfix su-u-trim\"><div class=\"su-box su-box-style-default\" id=\"\" style=\"border-color:#9c9e9f;border-radius:3px;max-width:none\"><div class=\"su-box-title\" style=\"background-color:#cfd1d2;color:#000000;border-top-left-radius:1px;border-top-right-radius:1px\">Audiencias P\u00fablicas Conjuntas del lunes 16 de marzo de 2026 | 6:00 PM<\/div><div class=\"su-box-content su-u-clearfix su-u-trim\" style=\"border-bottom-left-radius:1px;border-bottom-right-radius:1px\">La Propuesta de reubicaci\u00f3n de la escuela Brooklyn Brownstone (16K628) del edificio K035 al edificio K025 y la ubicaci\u00f3n conjunta con la escuela charter Success Academy \u2013 Bed Stuy 3 (84K883) en el edificio <span style=\"color: #ff0000;\"><strong>K025<\/strong><\/span> en el a\u00f1o escolar 2026-2027<\/div><\/div><\/div><\/div><\/div>\n<div class=\"su-row\"><div class=\"su-column su-column-size-1-1\"><div class=\"su-column-inner su-u-clearfix su-u-trim\"><div class=\"su-button-center\"><a href=\"https:\/\/www.zoomgov.com\/webinar\/register\/WN_b9_0mgOTSvmdgt8d5rA8kQ\" class=\"su-button su-button-style-default\" style=\"color:#FFFFFF;background-color:#2D89EF;border-color:#246ec0;border-radius:8px\" target=\"_self\"><span style=\"color:#FFFFFF;padding:0px 22px;font-size:17px;line-height:34px;border-color:#6cadf4;border-radius:8px;text-shadow:none\"> Registration | Inscripci\u00f3n<\/span><\/a><\/div><\/div><\/div><\/div>\n\n","protected":false},"excerpt":{"rendered":"","protected":false},"author":1,"featured_media":0,"parent":0,"menu_order":0,"comment_status":"closed","ping_status":"closed","template":"","meta":{"footnotes":""},"class_list":["post-820","page","type-page","status-publish","hentry"],"publishpress_future_action":{"enabled":false,"date":"2026-04-11 15:33:49","action":"change-status","newStatus":"draft","terms":[],"taxonomy":"","extraData":[]},"publishpress_future_workflow_manual_trigger":{"enabledWorkflows":[]},"_links":{"self":[{"href":"https:\/\/learndoe.org\/districtplanning\/wp-json\/wp\/v2\/pages\/820","targetHints":{"allow":["GET"]}}],"collection":[{"href":"https:\/\/learndoe.org\/districtplanning\/wp-json\/wp\/v2\/pages"}],"about":[{"href":"https:\/\/learndoe.org\/districtplanning\/wp-json\/wp\/v2\/types\/page"}],"author":[{"embeddable":true,"href":"https:\/\/learndoe.org\/districtplanning\/wp-json\/wp\/v2\/users\/1"}],"replies":[{"embeddable":true,"href":"https:\/\/learndoe.org\/districtplanning\/wp-json\/wp\/v2\/comments?post=820"}],"version-history":[{"count":0,"href":"https:\/\/learndoe.org\/districtplanning\/wp-json\/wp\/v2\/pages\/820\/revisions"}],"wp:attachment":[{"href":"https:\/\/learndoe.org\/districtplanning\/wp-json\/wp\/v2\/media?parent=820"}],"curies":[{"name":"wp","href":"https:\/\/api.w.org\/{rel}","templated":true}]}}