{"id":691,"date":"2026-03-07T09:59:49","date_gmt":"2026-03-07T14:59:49","guid":{"rendered":"https:\/\/learndoe.org\/districtplanning\/?page_id=691"},"modified":"2026-03-30T09:06:40","modified_gmt":"2026-03-30T13:06:40","slug":"k265-k022","status":"publish","type":"page","link":"https:\/\/learndoe.org\/districtplanning\/","title":{"rendered":"<!--MAIN-->"},"content":{"rendered":"<div class=\"su-row\"><div class=\"su-column su-column-size-1-2\"><div class=\"su-column-inner su-u-clearfix su-u-trim\"><strong>Welcome to the NYCDOE\u2019s webpage for Joint Public Hearings for significant changes in school utilization proposals under consideration at upcoming Panel for Educational Policy meetings.<\/strong><\/div><\/div><div class=\"su-column su-column-size-1-2\"><div class=\"su-column-inner su-u-clearfix su-u-trim\"><strong>Bienvenido a la p\u00e1gina web del NYCDOE para audiencias p\u00fablicas conjuntas sobre cambios significativos en las propuestas de utilizaci\u00f3n de escuelas que se est\u00e1n considerando en las pr\u00f3ximas reuniones del Panel de Pol\u00edtica Educativa.<\/strong><\/div><\/div><\/div>\n<div class=\"su-row\"><div class=\"su-column su-column-size-1-2\"><div class=\"su-column-inner su-u-clearfix su-u-trim\"><span style=\"color: #ff0000;\"><strong>There are no Joint Public Hearings scheduled today.<\/strong><\/span><\/div><\/div><div class=\"su-column su-column-size-1-2\"><div class=\"su-column-inner su-u-clearfix su-u-trim\"><span style=\"color: #ff0000;\"><strong>No hay Audiencias P\u00fablicas Conjuntas programadas para hoy.<\/strong><\/span><\/div><\/div><\/div>\n<p><!-- [su_row][su_column size=\"1\/2\" center=\"no\" class=\"\"][su_box title=\"Joint Public Hearings for Wednesday, April 3, 2024 | 6:00 PM\" box_color=\"#cfd1d2\" title_color=\"#000000\"]The Proposed Grade Truncation of the Dr. Susan S. McKinney Secondary School of the Arts (13K265) from a 6-12 School to a 9-12 School in Building <span style=\"color: #ff0000;\"><strong>K265<\/strong> <\/span>in the 2024-2025 School Year[\/su_box][\/su_column][su_column size=\"1\/2\" center=\"no\" class=\"\"][su_box title=\"Audiencias P\u00fablicas Conjuntas para el mi\u00e9rcoles, 3 de abril de 2024| 6:00 PM\" box_color=\"#cfd1d2\" title_color=\"#000000\"]Propuesta de eliminaci\u00f3n de grados de Dr. Susan S. McKinney Secondary School of the Arts (13K265), de modo que, en lugar de ofrecer de a 6.\u00ba a 12.\u00ba grado, pase a ofrecer de 9.\u00ba a 12.\u00ba grado en el edificio <strong><span style=\"color: #ff0000;\">K265<\/span> <\/strong>a partir del a\u00f1o escolar 2024-2025[\/su_box][\/su_column][\/su_row]\n&nbsp;\n[hide for=\"!logged\"][su_row][su_column size=\"1\/1\" center=\"no\" class=\"\"][su_button url=\"https:\/\/www.zoomgov.com\/meeting\/register\/vJIsceGtqjIqHDmFv6FhUDJ2va-R1d7eD80\" target=\"self\" style=\"default\" background=\"#2D89EF\" color=\"#FFFFFF\" size=\"6\" wide=\"no\" center=\"yes\" radius=\"auto\" icon_color=\"#FFFFFF\" text_shadow=\"none\"]Registration | Inscripci\u00f3n[\/su_button][\/su_column][\/su_row][\/hide]\n\n[hide for=\"!logged\"][su_row][su_column size=\"1\/2\" center=\"no\" class=\"\"]<span style=\"color: red;\"><strong>Registration will open at 5:30pm ET.<\/strong><\/span>[\/su_column][su_column size=\"1\/2\" center=\"no\" class=\"\"]<span style=\"color: red;\"><strong>La inscripci\u00f3n se abrir\u00e1 a las 5:30pm ET.<\/strong><\/span>[\/su_column][\/su_row][\/hide]\n\n[su_row][su_column size=\"1\/2\" center=\"no\" class=\"\"]<span style=\"color: red;\"><strong>This meeting has ended.<\/strong><\/span>[\/su_column][su_column size=\"1\/2\" center=\"no\" class=\"\"]<span style=\"color: red;\"><strong>Esta reuni\u00f3n ha terminado.<\/strong><\/span>[\/su_column][\/su_row][hide for=\"!logged\"][\/hide]\n\n\n\n<hr \/>\n\n\n\n[su_row][su_column size=\"1\/2\" center=\"no\" class=\"\"][su_box title=\"Joint Public Hearings for Wednesday, April 3, 2024 | 6:00 PM\" box_color=\"#cfd1d2\" title_color=\"#000000\"]The Proposed Re-siting of Elijah Stroud Middle School (17K353) from Building K316 to Building <span style=\"color: #ff0000;\"><strong>K022<\/strong> <\/span>and Co-location with Brooklyn Arts and Science Elementary School (17K705) in the 2024-2025 School Year[\/su_box][\/su_column][su_column size=\"1\/2\" center=\"no\" class=\"\"][su_box title=\"Audiencias P\u00fablicas Conjuntas para el mi\u00e9rcoles, 3 de abril de 2024| 6:00 PM\" box_color=\"#cfd1d2\" title_color=\"#000000\"]Propuesta de traslado de Elijah Stroud Middle School (17K353) del edificio K316 al edificio <span style=\"color: #ff0000;\"><strong>K022<\/strong><\/span> y ubicaci\u00f3n conjunta con Brooklyn Arts and Science Elementary School (17K705) a partir del a\u00f1o escolar 2024-2025[\/su_box][\/su_column][\/su_row]\n&nbsp;\n[hide for=\"!logged\"][su_row][su_column size=\"1\/1\" center=\"no\" class=\"\"][su_button url=\"https:\/\/www.zoomgov.com\/meeting\/register\/vJIsfumsrD4rHGkMp3oT7dkIKEP6NN1ewXI\" target=\"self\" style=\"default\" background=\"#2D89EF\" color=\"#FFFFFF\" size=\"6\" wide=\"no\" center=\"yes\" radius=\"auto\" icon_color=\"#FFFFFF\" text_shadow=\"none\"]Registration | Inscripci\u00f3n[\/su_button][\/su_column][\/su_row][\/hide]\n\n[hide for=\"!logged\"][su_row][su_column size=\"1\/2\" center=\"no\" class=\"\"]<span style=\"color: red;\"><strong>Registration will open at 5:30pm ET.<\/strong><\/span>[\/su_column][su_column size=\"1\/2\" center=\"no\" class=\"\"]<span style=\"color: red;\"><strong>La inscripci\u00f3n se abrir\u00e1 a las 5:30pm ET.<\/strong><\/span>[\/su_column][\/su_row][\/hide]\n\n[su_row][su_column size=\"1\/2\" center=\"no\" class=\"\"]<span style=\"color: red;\"><strong>This meeting has ended.<\/strong><\/span>[\/su_column][su_column size=\"1\/2\" center=\"no\" class=\"\"]<span style=\"color: red;\"><strong>Esta reuni\u00f3n ha terminado.<\/strong><\/span>[\/su_column][\/su_row][hide for=\"!logged\"][\/hide] --><\/p>\n","protected":false},"excerpt":{"rendered":"","protected":false},"author":1,"featured_media":0,"parent":0,"menu_order":0,"comment_status":"closed","ping_status":"closed","template":"","meta":{"footnotes":""},"class_list":["post-691","page","type-page","status-publish","hentry"],"publishpress_future_action":{"enabled":false,"date":"2026-04-14 08:06:08","action":"change-status","newStatus":"draft","terms":[],"taxonomy":"","extraData":[]},"publishpress_future_workflow_manual_trigger":{"enabledWorkflows":[]},"_links":{"self":[{"href":"https:\/\/learndoe.org\/districtplanning\/wp-json\/wp\/v2\/pages\/691","targetHints":{"allow":["GET"]}}],"collection":[{"href":"https:\/\/learndoe.org\/districtplanning\/wp-json\/wp\/v2\/pages"}],"about":[{"href":"https:\/\/learndoe.org\/districtplanning\/wp-json\/wp\/v2\/types\/page"}],"author":[{"embeddable":true,"href":"https:\/\/learndoe.org\/districtplanning\/wp-json\/wp\/v2\/users\/1"}],"replies":[{"embeddable":true,"href":"https:\/\/learndoe.org\/districtplanning\/wp-json\/wp\/v2\/comments?post=691"}],"version-history":[{"count":0,"href":"https:\/\/learndoe.org\/districtplanning\/wp-json\/wp\/v2\/pages\/691\/revisions"}],"wp:attachment":[{"href":"https:\/\/learndoe.org\/districtplanning\/wp-json\/wp\/v2\/media?parent=691"}],"curies":[{"name":"wp","href":"https:\/\/api.w.org\/{rel}","templated":true}]}}